{"id":1509,"date":"2023-10-21T13:35:31","date_gmt":"2023-10-21T12:35:31","guid":{"rendered":"https:\/\/serpommonastery.com\/?page_id=1509"},"modified":"2023-11-02T06:15:33","modified_gmt":"2023-11-02T06:15:33","slug":"about-us","status":"publish","type":"page","link":"https:\/\/serpommonastery.com\/index.php\/about-us\/","title":{"rendered":"About us"},"content":{"rendered":"\t\t<div data-elementor-type=\"wp-page\" data-elementor-id=\"1509\" class=\"elementor elementor-1509\" data-elementor-settings=\"{&quot;ha_cmc_init_switcher&quot;:&quot;no&quot;}\">\n\t\t\t\t\t\t<section class=\"has_eae_slider elementor-section elementor-top-section elementor-element elementor-element-02111d3 elementor-section-full_width elementor-section-height-default elementor-section-height-default exad-glass-effect-no wpr-particle-no wpr-jarallax-no wpr-parallax-no wpr-sticky-section-no wpr-equal-height-no exad-sticky-section-no\" data-eae-slider=\"10406\" data-id=\"02111d3\" data-element_type=\"section\" data-e-type=\"section\" data-settings=\"{&quot;_ha_eqh_enable&quot;:false}\">\n\t\t\t\t\t\t<div class=\"elementor-container elementor-column-gap-no\">\n\t\t\t\t\t<div class=\"has_eae_slider elementor-column elementor-col-100 elementor-top-column elementor-element elementor-element-11cb73f exad-glass-effect-no exad-sticky-section-no\" data-eae-slider=\"81566\" data-id=\"11cb73f\" data-element_type=\"column\" data-e-type=\"column\">\n\t\t\t<div class=\"elementor-widget-wrap elementor-element-populated\">\n\t\t\t\t\t\t<div class=\"elementor-element elementor-element-188fef3 exad-sticky-section-no exad-glass-effect-no elementor-widget elementor-widget-image\" data-id=\"188fef3\" data-element_type=\"widget\" data-e-type=\"widget\" data-widget_type=\"image.default\">\n\t\t\t\t<div class=\"elementor-widget-container\">\n\t\t\t\t\t\t\t\t\t\t\t\t\t\t\t<img fetchpriority=\"high\" decoding=\"async\" width=\"1920\" height=\"800\" src=\"https:\/\/serpommonastery.com\/wp-content\/uploads\/2023\/10\/bg-2.jpg\" class=\"attachment-full size-full wp-image-1375\" alt=\"\" srcset=\"https:\/\/serpommonastery.com\/wp-content\/uploads\/2023\/10\/bg-2.jpg 1920w, https:\/\/serpommonastery.com\/wp-content\/uploads\/2023\/10\/bg-2-300x125.jpg 300w, https:\/\/serpommonastery.com\/wp-content\/uploads\/2023\/10\/bg-2-1024x427.jpg 1024w, https:\/\/serpommonastery.com\/wp-content\/uploads\/2023\/10\/bg-2-768x320.jpg 768w, https:\/\/serpommonastery.com\/wp-content\/uploads\/2023\/10\/bg-2-1536x640.jpg 1536w\" sizes=\"(max-width: 1920px) 100vw, 1920px\" \/>\t\t\t\t\t\t\t\t\t\t\t\t\t\t\t<\/div>\n\t\t\t\t<\/div>\n\t\t\t\t\t<\/div>\n\t\t<\/div>\n\t\t\t\t\t<\/div>\n\t\t<\/section>\n\t\t\t\t<section class=\"has_eae_slider elementor-section elementor-top-section elementor-element elementor-element-73eb958 elementor-section-boxed elementor-section-height-default elementor-section-height-default exad-glass-effect-no wpr-particle-no wpr-jarallax-no wpr-parallax-no wpr-sticky-section-no wpr-equal-height-no exad-sticky-section-no\" data-eae-slider=\"28367\" data-id=\"73eb958\" data-element_type=\"section\" data-e-type=\"section\" data-settings=\"{&quot;_ha_eqh_enable&quot;:false}\">\n\t\t\t\t\t\t<div class=\"elementor-container elementor-column-gap-default\">\n\t\t\t\t\t<div class=\"has_eae_slider elementor-column elementor-col-100 elementor-top-column elementor-element elementor-element-90a8cbf exad-glass-effect-no exad-sticky-section-no\" data-eae-slider=\"68390\" data-id=\"90a8cbf\" data-element_type=\"column\" data-e-type=\"column\">\n\t\t\t<div class=\"elementor-widget-wrap elementor-element-populated\">\n\t\t\t\t\t\t<div class=\"elementor-element elementor-element-a4c7992 exad-sticky-section-no exad-glass-effect-no elementor-widget elementor-widget-heading\" data-id=\"a4c7992\" data-element_type=\"widget\" data-e-type=\"widget\" data-widget_type=\"heading.default\">\n\t\t\t\t<div class=\"elementor-widget-container\">\n\t\t\t\t\t<h2 class=\"elementor-heading-title elementor-size-default\">ABOUT US<\/h2>\t\t\t\t<\/div>\n\t\t\t\t<\/div>\n\t\t\t\t<div class=\"elementor-element elementor-element-258ba9e exad-sticky-section-no exad-glass-effect-no elementor-widget elementor-widget-text-editor\" data-id=\"258ba9e\" data-element_type=\"widget\" data-e-type=\"widget\" data-widget_type=\"text-editor.default\">\n\t\t\t\t<div class=\"elementor-widget-container\">\n\t\t\t\t\t\t\t\t\t<p>Serpom Thoesam Norling Monastery, situated in the Tibetan Settlement of Bylakuppe within Mysore District of Karnataka State, India, serves as a registered non-profit organization and a monastic university dedicated to advanced Buddhist studies. It prides itself on being an inclusive institution, welcoming individuals from all backgrounds without discrimination. Notably, Serpom achieved full-fledged monastery statues on April 25, 2008.<\/p>\t\t\t\t\t\t\t\t<\/div>\n\t\t\t\t<\/div>\n\t\t\t\t<div class=\"elementor-element elementor-element-4c0e0ca exad-sticky-section-no exad-glass-effect-no elementor-widget elementor-widget-text-editor\" data-id=\"4c0e0ca\" data-element_type=\"widget\" data-e-type=\"widget\" data-widget_type=\"text-editor.default\">\n\t\t\t\t<div class=\"elementor-widget-container\">\n\t\t\t\t\t\t\t\t\t<p>Since attaining this status, the monastery has been dedicated to providing free education, meals and accommodation to numerous monks.\u00a0 At present, it accommodates a total of 600 resident monks and this number does not even account for those monks who reside abroad.<\/p>\t\t\t\t\t\t\t\t<\/div>\n\t\t\t\t<\/div>\n\t\t\t\t<div class=\"elementor-element elementor-element-b2d811a exad-sticky-section-no exad-glass-effect-no elementor-widget elementor-widget-text-editor\" data-id=\"b2d811a\" data-element_type=\"widget\" data-e-type=\"widget\" data-widget_type=\"text-editor.default\">\n\t\t\t\t<div class=\"elementor-widget-container\">\n\t\t\t\t\t\t\t\t\t<p>Serpom Monastery stands as a beacon of Buddhist education and has played a pivotal role in producing accomplished Buddhist masters, philosophers, scholars, peace educators who have made significant contributions to world peace and human well-being. The rigorous curriculum at the monastery involves the comprehensive study of the five main texts of the Mahayana Buddhist tradition, a journey that typically spans an arduous eighteen-year period. Upon successful completion of their studies, the monks have the opportunity to engage in Geshe Lharam studies, and those who successfully passed the rigorous final examinations are conferred with the prestigious Geshe Lharam degree, which stands as the highest recognition in the realm of Buddhist philosophy.<\/p>\t\t\t\t\t\t\t\t<\/div>\n\t\t\t\t<\/div>\n\t\t\t\t\t<\/div>\n\t\t<\/div>\n\t\t\t\t\t<\/div>\n\t\t<\/section>\n\t\t\t\t<section class=\"has_eae_slider elementor-section elementor-top-section elementor-element elementor-element-16ddfd0 elementor-section-boxed elementor-section-height-default elementor-section-height-default exad-glass-effect-no wpr-particle-no wpr-jarallax-no wpr-parallax-no wpr-sticky-section-no wpr-equal-height-no exad-sticky-section-no\" data-eae-slider=\"21920\" data-id=\"16ddfd0\" data-element_type=\"section\" data-e-type=\"section\" data-settings=\"{&quot;background_background&quot;:&quot;classic&quot;,&quot;_ha_eqh_enable&quot;:false}\">\n\t\t\t\t\t\t<div class=\"elementor-container elementor-column-gap-default\">\n\t\t\t\t\t<div class=\"has_eae_slider elementor-column elementor-col-100 elementor-top-column elementor-element elementor-element-15966d0 exad-glass-effect-no exad-sticky-section-no\" data-eae-slider=\"50329\" data-id=\"15966d0\" data-element_type=\"column\" data-e-type=\"column\">\n\t\t\t<div class=\"elementor-widget-wrap elementor-element-populated\">\n\t\t\t\t\t\t<div class=\"elementor-element elementor-element-5fc9652 exad-sticky-section-no exad-glass-effect-no elementor-widget elementor-widget-heading\" data-id=\"5fc9652\" data-element_type=\"widget\" data-e-type=\"widget\" data-widget_type=\"heading.default\">\n\t\t\t\t<div class=\"elementor-widget-container\">\n\t\t\t\t\t<h2 class=\"elementor-heading-title elementor-size-default\">Brief History<\/h2>\t\t\t\t<\/div>\n\t\t\t\t<\/div>\n\t\t\t\t<div class=\"elementor-element elementor-element-6575a4c exad-sticky-section-no exad-glass-effect-no elementor-widget elementor-widget-text-editor\" data-id=\"6575a4c\" data-element_type=\"widget\" data-e-type=\"widget\" data-widget_type=\"text-editor.default\">\n\t\t\t\t<div class=\"elementor-widget-container\">\n\t\t\t\t\t\t\t\t\t<p>In 1959, after the uprising in Tibet, many monks fled to India, where the Indian government kindly granted them asylum in Buxa Duar for the next eleven years. Because the climate was unhealthy for Tibetans, the Indian Government then kindly resettled the monks in Bylakuppe, Karnataka State, in 1970. There were approximately 107 monks from Sera-Mey. Pomra monastic section had forty-three monks at that time. For the monks\u2019 residency, the Indian government allotted five acres of land, where thirty-eight houses were built; as well as five acres of land for the Sera Lachi, Sera-Jey and Sera-Mey monastic assembly halls. The Indian Government also allotted approximately one acre per monk for their livelihood, and also provided oxes, cows and tractors to the monasteries. The cows given to Sera-Mey monastery provided twelve liters of milk every morning. The jungle was cut down with bulldozers, and the wood were used to make furniture. With assorted tools, the monks removed roots and cleared rocks in order to fertilize the land. Finally tractors ploughed the land to turn it into fields. Monks labored daily in the construction of the houses and the planting of corn in the fields. Day and night the field was guarded against pigs and elephants. The harvest took four months. The very first year, the monastery had a good harvest &#8212; each plant produced three giant corn cobs. Tibetans who visit the monastery returned with corn as a souvenir.<\/p>\t\t\t\t\t\t\t\t<\/div>\n\t\t\t\t<\/div>\n\t\t\t\t<div class=\"elementor-element elementor-element-67deec2 exad-sticky-section-no exad-glass-effect-no elementor-widget elementor-widget-text-editor\" data-id=\"67deec2\" data-element_type=\"widget\" data-e-type=\"widget\" data-widget_type=\"text-editor.default\">\n\t\t\t\t<div class=\"elementor-widget-container\">\n\t\t\t\t\t\t\t\t\t<p>The Indian government did something that no other country did \u2013 they gave Tibetans asylum, houses, land, liberty and a conducive environment for preserving their culture. We are extremely grateful to this great country, India, whose kindness is engraved in our hearts forever. One of our daily prayers is for the Great Nation India to triumph and prosper, and for its people to enjoy peace and prosperity.<\/p>\t\t\t\t\t\t\t\t<\/div>\n\t\t\t\t<\/div>\n\t\t\t\t<div class=\"elementor-element elementor-element-afbf175 exad-sticky-section-no exad-glass-effect-no elementor-widget elementor-widget-text-editor\" data-id=\"afbf175\" data-element_type=\"widget\" data-e-type=\"widget\" data-widget_type=\"text-editor.default\">\n\t\t\t\t<div class=\"elementor-widget-container\">\n\t\t\t\t\t\t\t\t\t<p>Sera-Mey monastery was built in 1978, together with Phabongkha Labdrang, the chamber of the great Master Je Phabongkhapa (1878-1941). Sera-Mey had 16 monastic sections. One of them was Pomra monastic section which housed majority monks of Sera-Mey monastery. Pomra had forty-three monks from Tibet. For the Pomra\u2019s assembly hall, monks built a house with a tiled roof. In the beginning of the 1970s, young Tibetan monks from throughout India and Nepal started to join Pomra monastic section and increased to over 85 monks. Thus senior monks built a concrete house for a new assembly hall in 1979. For monk\u2019s residency, Pomra build houses in two rows in 1988. With each passing year the number of monks grew, the assembly hall was no longer able to accommodate all the monks during prayers and pujas. Thus another assembly hall was built in 1991; it was inaugurated on October 27, 1992. The supreme master and great scholar Geshe Yeshi Wangchuk (1928-1997) presided over the opening ceremony, with Kyabje Pabongkha Choktrul Rinpoche; Khensur Rinpoche Geshe Jampa Dhongyoe, Honorable Ku-ngo Palden-la, the manager of Trijang Labdrang; representatives of Sera Lachi and Gelugpa monasteries; the Chairman of Dhokham Chushi Gandrug and so on. Over three hundred guests attended the Inauguration Ceremony. On that occasion Geshe Yeshi Rinpoche composed the auspicious verse as follows: May the sun, moon and stars -emanations of Dharma practitioners &#8211; be radiated in the face of the open sky of the primordial pure mind! May the fruits ripen in the Fields of Merit and Commitment! May the spirit of victory over evils be united and firmed!<\/p><p>\u00a0<\/p><p>Because of the continued growth of monks, we began the construction of the present new assembly hall in March of 2005.<\/p><p>The discrimination on the ground of our religious faith in Lord Dorje Shugden ensued the separation, and thereby established Serpom Monastery where hundreds of monks at present study and practice Buddhism and Buddhist philosophy.<\/p>\t\t\t\t\t\t\t\t<\/div>\n\t\t\t\t<\/div>\n\t\t\t\t\t<\/div>\n\t\t<\/div>\n\t\t\t\t\t<\/div>\n\t\t<\/section>\n\t\t\t\t<section class=\"has_eae_slider elementor-section elementor-top-section elementor-element elementor-element-7ab03b1 elementor-section-boxed elementor-section-height-default elementor-section-height-default exad-glass-effect-no wpr-particle-no wpr-jarallax-no wpr-parallax-no wpr-sticky-section-no wpr-equal-height-no exad-sticky-section-no\" data-eae-slider=\"31203\" data-id=\"7ab03b1\" data-element_type=\"section\" data-e-type=\"section\" data-settings=\"{&quot;background_background&quot;:&quot;classic&quot;,&quot;_ha_eqh_enable&quot;:false}\">\n\t\t\t\t\t\t<div class=\"elementor-container elementor-column-gap-default\">\n\t\t\t\t\t<div class=\"has_eae_slider elementor-column elementor-col-100 elementor-top-column elementor-element elementor-element-bf46694 exad-glass-effect-no exad-sticky-section-no\" data-eae-slider=\"94554\" data-id=\"bf46694\" data-element_type=\"column\" data-e-type=\"column\">\n\t\t\t<div class=\"elementor-widget-wrap elementor-element-populated\">\n\t\t\t\t\t\t<div class=\"elementor-element elementor-element-e891985 exad-sticky-section-no exad-glass-effect-no elementor-widget elementor-widget-heading\" data-id=\"e891985\" data-element_type=\"widget\" data-e-type=\"widget\" data-widget_type=\"heading.default\">\n\t\t\t\t<div class=\"elementor-widget-container\">\n\t\t\t\t\t<h2 class=\"elementor-heading-title elementor-size-default\">Past History<\/h2>\t\t\t\t<\/div>\n\t\t\t\t<\/div>\n\t\t\t\t<div class=\"elementor-element elementor-element-4835503 exad-sticky-section-no exad-glass-effect-no elementor-widget elementor-widget-text-editor\" data-id=\"4835503\" data-element_type=\"widget\" data-e-type=\"widget\" data-widget_type=\"text-editor.default\">\n\t\t\t\t<div class=\"elementor-widget-container\">\n\t\t\t\t\t\t\t\t\t<p>In front of a hill like a sleeping elephant lied a monastery known as Sera monastery, which was founded by Jamchen Choeje Shakya Yeshi in 1419. It is called Sera because the Sewa tree (probably a yellow rose) surrounded the area as a fence (Ra). Prior to the existence of the monastery, Lord Tsongkhapa gave teachings to many disciples. During his composition of the exposition to the Fundamental Wisdom of the Middle Way (Skrt:praj\u0148\u0101m\u016bla), he developed a vision that Sixteen Emptiness -the Perfection of Wisdom Sutra (Skrt: Praj\u0148\u0101p\u0101ramit\u0101) &#8211; and so on rained down in the form of AH letters. A great seat for scholars in middle way philosophy would emerge in this place, according to Lord Tsongkhapa\u2019s prediction. Lord Tsongkhapa asked Jamchen Choeje to build a monastery. With the patronage of Namkha Sangpo, Jamchen Choeje built Sera Thekchen Ling Monastery, which comprised of two monasteries: Sera-Mey and Sera-Jey. In 1421 Kunchen Jangchup Bhumpa, a disciple of Lord Tsonkghapa, built Sera-Mey Monastery. The monastery consisted of 16 monastic sections, including Pomra.<\/p>\t\t\t\t\t\t\t\t<\/div>\n\t\t\t\t<\/div>\n\t\t\t\t\t<\/div>\n\t\t<\/div>\n\t\t\t\t\t<\/div>\n\t\t<\/section>\n\t\t\t\t<\/div>\n\t\t","protected":false},"excerpt":{"rendered":"<p>ABOUT US Serpom Thoesam Norling Monastery, situated in the Tibetan Settlement of Bylakuppe within Mysore District of Karnataka State, India, serves as a registered non-profit organization and a monastic university dedicated to advanced Buddhist studies. It prides itself on being an inclusive institution, welcoming individuals from all backgrounds without discrimination. Notably, Serpom achieved full-fledged monastery statues on April 25, 2008. Since attaining this status, the monastery has been dedicated to providing free education, meals and accommodation to numerous monks.\u00a0 At present, it accommodates a total of 600 resident monks and this number does not even account for those monks who reside abroad. Serpom Monastery stands as a beacon of Buddhist education and has played a pivotal role in producing accomplished Buddhist masters, philosophers, scholars, peace educators who have made significant contributions to world peace and human well-being. The rigorous curriculum at the monastery involves the comprehensive study of the five main texts of the Mahayana Buddhist tradition, a journey that typically spans an arduous eighteen-year period. Upon successful completion of their studies, the monks have the opportunity to engage in Geshe Lharam studies, and those who successfully passed the rigorous final examinations are conferred with the prestigious Geshe Lharam degree, which stands as the highest recognition in the realm of Buddhist philosophy. Brief History In 1959, after the uprising in Tibet, many monks fled to India, where the Indian government kindly granted them asylum in Buxa Duar for the next eleven years. Because the climate was unhealthy for Tibetans, the Indian Government then kindly resettled the monks in Bylakuppe, Karnataka State, in 1970. There were approximately 107 monks from Sera-Mey. Pomra monastic section had forty-three monks at that time. For the monks\u2019 residency, the Indian government allotted five acres of land, where thirty-eight houses were built; as well as five acres of land for the Sera Lachi, Sera-Jey and Sera-Mey monastic assembly halls. The Indian Government also allotted approximately one acre per monk for their livelihood, and also provided oxes, cows and tractors to the monasteries. The cows given to Sera-Mey monastery provided twelve liters of milk every morning. The jungle was cut down with bulldozers, and the wood were used to make furniture. With assorted tools, the monks removed roots and cleared rocks in order to fertilize the land. Finally tractors ploughed the land to turn it into fields. Monks labored daily in the construction of the houses and the planting of corn in the fields. Day and night the field was guarded against pigs and elephants. The harvest took four months. The very first year, the monastery had a good harvest &#8212; each plant produced three giant corn cobs. Tibetans who visit the monastery returned with corn as a souvenir. The Indian government did something that no other country did \u2013 they gave Tibetans asylum, houses, land, liberty and a conducive environment for preserving their culture. We are extremely grateful to this great country, India, whose kindness is engraved in our hearts forever. One of our daily prayers is for the Great Nation India to triumph and prosper, and for its people to enjoy peace and prosperity. Sera-Mey monastery was built in 1978, together with Phabongkha Labdrang, the chamber of the great Master Je Phabongkhapa (1878-1941). Sera-Mey had 16 monastic sections. One of them was Pomra monastic section which housed majority monks of Sera-Mey monastery. Pomra had forty-three monks from Tibet. For the Pomra\u2019s assembly hall, monks built a house with a tiled roof. In the beginning of the 1970s, young Tibetan monks from throughout India and Nepal started to join Pomra monastic section and increased to over 85 monks. Thus senior monks built a concrete house for a new assembly hall in 1979. For monk\u2019s residency, Pomra build houses in two rows in 1988. With each passing year the number of monks grew, the assembly hall was no longer able to accommodate all the monks during prayers and pujas. Thus another assembly hall was built in 1991; it was inaugurated on October 27, 1992. The supreme master and great scholar Geshe Yeshi Wangchuk (1928-1997) presided over the opening ceremony, with Kyabje Pabongkha Choktrul Rinpoche; Khensur Rinpoche Geshe Jampa Dhongyoe, Honorable Ku-ngo Palden-la, the manager of Trijang Labdrang; representatives of Sera Lachi and Gelugpa monasteries; the Chairman of Dhokham Chushi Gandrug and so on. Over three hundred guests attended the Inauguration Ceremony. On that occasion Geshe Yeshi Rinpoche composed the auspicious verse as follows: May the sun, moon and stars -emanations of Dharma practitioners &#8211; be radiated in the face of the open sky of the primordial pure mind! May the fruits ripen in the Fields of Merit and Commitment! May the spirit of victory over evils be united and firmed! \u00a0 Because of the continued growth of monks, we began the construction of the present new assembly hall in March of 2005. The discrimination on the ground of our religious faith in Lord Dorje Shugden ensued the separation, and thereby established Serpom Monastery where hundreds of monks at present study and practice Buddhism and Buddhist philosophy. Past History In front of a hill like a sleeping elephant lied a monastery known as Sera monastery, which was founded by Jamchen Choeje Shakya Yeshi in 1419. It is called Sera because the Sewa tree (probably a yellow rose) surrounded the area as a fence (Ra). Prior to the existence of the monastery, Lord Tsongkhapa gave teachings to many disciples. During his composition of the exposition to the Fundamental Wisdom of the Middle Way (Skrt:praj\u0148\u0101m\u016bla), he developed a vision that Sixteen Emptiness -the Perfection of Wisdom Sutra (Skrt: Praj\u0148\u0101p\u0101ramit\u0101) &#8211; and so on rained down in the form of AH letters. A great seat for scholars in middle way philosophy would emerge in this place, according to Lord Tsongkhapa\u2019s prediction. Lord Tsongkhapa asked Jamchen Choeje to build a monastery. With the patronage of Namkha Sangpo, Jamchen Choeje built Sera Thekchen Ling Monastery, which comprised of two monasteries: Sera-Mey and Sera-Jey. In 1421 Kunchen Jangchup Bhumpa, a disciple of Lord<\/p>\n","protected":false},"author":1,"featured_media":0,"parent":0,"menu_order":0,"comment_status":"closed","ping_status":"closed","template":"","meta":{"site-sidebar-layout":"no-sidebar","site-content-layout":"page-builder","ast-site-content-layout":"full-width-container","site-content-style":"default","site-sidebar-style":"default","ast-global-header-display":"","ast-banner-title-visibility":"","ast-main-header-display":"","ast-hfb-above-header-display":"","ast-hfb-below-header-display":"","ast-hfb-mobile-header-display":"","site-post-title":"disabled","ast-breadcrumbs-content":"","ast-featured-img":"disabled","footer-sml-layout":"","ast-disable-related-posts":"","theme-transparent-header-meta":"","adv-header-id-meta":"","stick-header-meta":"","header-above-stick-meta":"","header-main-stick-meta":"","header-below-stick-meta":"","astra-migrate-meta-layouts":"set","ast-page-background-enabled":"default","ast-page-background-meta":{"desktop":{"background-color":"var(--ast-global-color-4)","background-image":"","background-repeat":"repeat","background-position":"center center","background-size":"auto","background-attachment":"scroll","background-type":"","background-media":"","overlay-type":"","overlay-color":"","overlay-opacity":"","overlay-gradient":""},"tablet":{"background-color":"","background-image":"","background-repeat":"repeat","background-position":"center center","background-size":"auto","background-attachment":"scroll","background-type":"","background-media":"","overlay-type":"","overlay-color":"","overlay-opacity":"","overlay-gradient":""},"mobile":{"background-color":"","background-image":"","background-repeat":"repeat","background-position":"center center","background-size":"auto","background-attachment":"scroll","background-type":"","background-media":"","overlay-type":"","overlay-color":"","overlay-opacity":"","overlay-gradient":""}},"ast-content-background-meta":{"desktop":{"background-color":"var(--ast-global-color-5)","background-image":"","background-repeat":"repeat","background-position":"center center","background-size":"auto","background-attachment":"scroll","background-type":"","background-media":"","overlay-type":"","overlay-color":"","overlay-opacity":"","overlay-gradient":""},"tablet":{"background-color":"var(--ast-global-color-5)","background-image":"","background-repeat":"repeat","background-position":"center center","background-size":"auto","background-attachment":"scroll","background-type":"","background-media":"","overlay-type":"","overlay-color":"","overlay-opacity":"","overlay-gradient":""},"mobile":{"background-color":"var(--ast-global-color-5)","background-image":"","background-repeat":"repeat","background-position":"center center","background-size":"auto","background-attachment":"scroll","background-type":"","background-media":"","overlay-type":"","overlay-color":"","overlay-opacity":"","overlay-gradient":""}},"footnotes":""},"class_list":["post-1509","page","type-page","status-publish","hentry"],"_hostinger_reach_plugin_has_subscription_block":false,"_hostinger_reach_plugin_is_elementor":false,"_links":{"self":[{"href":"https:\/\/serpommonastery.com\/index.php\/wp-json\/wp\/v2\/pages\/1509","targetHints":{"allow":["GET"]}}],"collection":[{"href":"https:\/\/serpommonastery.com\/index.php\/wp-json\/wp\/v2\/pages"}],"about":[{"href":"https:\/\/serpommonastery.com\/index.php\/wp-json\/wp\/v2\/types\/page"}],"author":[{"embeddable":true,"href":"https:\/\/serpommonastery.com\/index.php\/wp-json\/wp\/v2\/users\/1"}],"replies":[{"embeddable":true,"href":"https:\/\/serpommonastery.com\/index.php\/wp-json\/wp\/v2\/comments?post=1509"}],"version-history":[{"count":31,"href":"https:\/\/serpommonastery.com\/index.php\/wp-json\/wp\/v2\/pages\/1509\/revisions"}],"predecessor-version":[{"id":2349,"href":"https:\/\/serpommonastery.com\/index.php\/wp-json\/wp\/v2\/pages\/1509\/revisions\/2349"}],"wp:attachment":[{"href":"https:\/\/serpommonastery.com\/index.php\/wp-json\/wp\/v2\/media?parent=1509"}],"curies":[{"name":"wp","href":"https:\/\/api.w.org\/{rel}","templated":true}]}}